{"id":511,"date":"2025-05-23T23:00:58","date_gmt":"2025-05-23T21:00:58","guid":{"rendered":"https:\/\/dev.hssdlogistics.be\/?page_id=511"},"modified":"2025-05-25T21:06:11","modified_gmt":"2025-05-25T19:06:11","slug":"bedingungen","status":"publish","type":"page","link":"https:\/\/hssdlogistics.be\/de\/voorwaarden\/","title":{"rendered":"Bedingungen"},"content":{"rendered":"<div data-elementor-type=\"wp-page\" data-elementor-id=\"511\" class=\"elementor elementor-511\" data-elementor-settings=\"{&quot;ha_cmc_init_switcher&quot;:&quot;no&quot;}\" data-elementor-post-type=\"page\">\n\t\t\t\t<div class=\"elementor-element elementor-element-03f1d5b e-flex e-con-boxed e-con e-parent\" data-id=\"03f1d5b\" data-element_type=\"container\" data-e-type=\"container\" data-settings=\"{&quot;background_background&quot;:&quot;classic&quot;,&quot;_ha_eqh_enable&quot;:false}\">\n\t\t\t\t\t<div class=\"e-con-inner\">\n\t\t\t\t<div class=\"elementor-element elementor-element-7a8a37a elementor-widget elementor-widget-heading\" data-id=\"7a8a37a\" data-element_type=\"widget\" data-e-type=\"widget\" data-widget_type=\"heading.default\">\n\t\t\t\t<div class=\"elementor-widget-container\">\n\t\t\t\t\t<h1 class=\"elementor-heading-title elementor-size-default\">\u00dcber HSSD Logistik <\/h1>\t\t\t\t<\/div>\n\t\t\t\t<\/div>\n\t\t\t\t\t<\/div>\n\t\t\t\t<\/div>\n\t\t<div class=\"elementor-element elementor-element-a5a0f17 e-flex e-con-boxed e-con e-parent\" data-id=\"a5a0f17\" data-element_type=\"container\" data-e-type=\"container\" data-settings=\"{&quot;background_background&quot;:&quot;classic&quot;,&quot;_ha_eqh_enable&quot;:false}\">\n\t\t\t\t\t<div class=\"e-con-inner\">\n\t\t<div class=\"elementor-element elementor-element-5770732 e-con-full elementor-hidden-tablet elementor-hidden-mobile e-flex e-con e-child\" data-id=\"5770732\" data-element_type=\"container\" data-e-type=\"container\" data-settings=\"{&quot;_ha_eqh_enable&quot;:false}\">\n\t\t\t\t<div class=\"elementor-element elementor-element-0cad57f elementor-widget elementor-widget-image\" data-id=\"0cad57f\" data-element_type=\"widget\" data-e-type=\"widget\" data-widget_type=\"image.default\">\n\t\t\t\t<div class=\"elementor-widget-container\">\n\t\t\t\t\t\t\t\t\t\t\t\t\t\t\t<img alt=\"\" fetchpriority=\"high\" decoding=\"async\" width=\"768\" height=\"1024\" src=\"https:\/\/hssdlogistics.be\/wp-content\/uploads\/Afbeelding-van-WhatsApp-op-2025-05-21-om-21.45.15_6c6699cc.jpg\" class=\"attachment-large size-large wp-image-145\" srcset=\"https:\/\/hssdlogistics.be\/wp-content\/uploads\/Afbeelding-van-WhatsApp-op-2025-05-21-om-21.45.15_6c6699cc.jpg 768w, https:\/\/hssdlogistics.be\/wp-content\/uploads\/Afbeelding-van-WhatsApp-op-2025-05-21-om-21.45.15_6c6699cc-450x600.jpg 450w\" sizes=\"(max-width: 768px) 100vw, 768px\" \/>\t\t\t\t\t\t\t\t\t\t\t\t\t\t\t<\/div>\n\t\t\t\t<\/div>\n\t\t\t\t<\/div>\n\t\t<div class=\"elementor-element elementor-element-0584c2b e-con-full e-flex e-con e-child\" data-id=\"0584c2b\" data-element_type=\"container\" data-e-type=\"container\" data-settings=\"{&quot;_ha_eqh_enable&quot;:false}\">\n\t\t\t\t<div class=\"elementor-element elementor-element-de73dba elementor-widget__width-initial elementor-widget elementor-widget-heading\" data-id=\"de73dba\" data-element_type=\"widget\" data-e-type=\"widget\" data-widget_type=\"heading.default\">\n\t\t\t\t<div class=\"elementor-widget-container\">\n\t\t\t\t\t<h2 class=\"elementor-heading-title elementor-size-default\">Bedingungen<\/h2>\t\t\t\t<\/div>\n\t\t\t\t<\/div>\n\t\t\t\t<div class=\"elementor-element elementor-element-308179d elementor-widget elementor-widget-text-editor\" data-id=\"308179d\" data-element_type=\"widget\" data-e-type=\"widget\" data-widget_type=\"text-editor.default\">\n\t\t\t\t<div class=\"elementor-widget-container\">\n\t\t\t\t\t\t\t\t\t<p>HSSD Logistics handelt nur als Spediteur f\u00fcr und im Namen des Auftraggebers. Die Speditionsprovision ist in dem von HSSD Logistics angebotenen und vom Kunden akzeptierten Preis enthalten. F\u00fcr alle von der HSSD Logistics ausgef\u00fchrten T\u00e4tigkeiten gelten die Belgischen Speditionsbedingungen der Fenex, mit Ausnahme der Schiedsklausel. Zus\u00e4tzlich zu den Belgischen Speditionsbedingungen gelten die Erg\u00e4nzenden Bedingungen der HSSD Logistics. Im Falle von Widerspr\u00fcchen zwischen den Belgischen Speditionsbedingungen und den Zusatzbedingungen haben die Zusatzbedingungen Vorrang. Die Rechtsbeziehungen zwischen den Kunden und der HSSD Logistics unterliegen dem belgischen Recht, und alle Streitigkeiten werden ausschlie\u00dflich vom zust\u00e4ndigen Gericht in Antwerpen entschieden. Alle von der HSSD Logistics angenommenen Auftr\u00e4ge werden unter Ablehnung aller Bedingungen, die der Auftraggeber auferlegen m\u00f6chte, ausgef\u00fchrt. Die HSSD Logistics haftet nicht f\u00fcr Z\u00f6lle, Abgaben, usw. Alle von der HSSD Logistics angenommenen Auftr\u00e4ge werden unter Ablehnung aller Bedingungen, die der Auftraggeber auferlegen m\u00f6chte, ausgef\u00fchrt.<\/p><p>Alle Vertr\u00e4ge der HSSD Logistics unterliegen stets dem belgischen Recht und den Allgemeinen Bef\u00f6rderungsbedingungen der HSSD Logistics. F\u00fcr alle Streitigkeiten zwischen der HSSD Logistics und dem Subunternehmer ist der Gerichtshof von Antwerpen nicht ausschlie\u00dflich zust\u00e4ndig. Alle Bedingungen, die der Subunternehmer auferlegen m\u00f6chte, werden zur\u00fcckgewiesen. HSSD Logistics haftet nicht f\u00fcr Z\u00f6lle, Abgaben, usw.<\/p>\t\t\t\t\t\t\t\t<\/div>\n\t\t\t\t<\/div>\n\t\t\t\t<\/div>\n\t\t\t\t\t<\/div>\n\t\t\t\t<\/div>\n\t\t\t\t<\/div>","protected":false},"excerpt":{"rendered":"<p>Over HSSD Logistics Voorwaarden HSSD Logistics treedt alleen op als expediteur voor en namens haar opdrachtgever. De expeditiecommissie is inbegrepen in de door HSSD Logistics geoffreerde en door de klant aanvaarde prijs. Op alle activiteiten ondernomen door HSSD Logistics zijn de Belgische Expeditievoorwaarden van de Fenex van toepassing, met uitzondering van de arbitrageclausule. In aanvulling [&hellip;]<\/p>\n","protected":false},"author":1,"featured_media":0,"parent":0,"menu_order":0,"comment_status":"closed","ping_status":"closed","template":"","meta":{"_seopress_robots_primary_cat":"","_seopress_titles_title":"","_seopress_titles_desc":"","_seopress_robots_index":"","iawp_total_views":113,"footnotes":""},"class_list":["post-511","page","type-page","status-publish","hentry"],"_links":{"self":[{"href":"https:\/\/hssdlogistics.be\/de\/wp-json\/wp\/v2\/pages\/511","targetHints":{"allow":["GET"]}}],"collection":[{"href":"https:\/\/hssdlogistics.be\/de\/wp-json\/wp\/v2\/pages"}],"about":[{"href":"https:\/\/hssdlogistics.be\/de\/wp-json\/wp\/v2\/types\/page"}],"author":[{"embeddable":true,"href":"https:\/\/hssdlogistics.be\/de\/wp-json\/wp\/v2\/users\/1"}],"replies":[{"embeddable":true,"href":"https:\/\/hssdlogistics.be\/de\/wp-json\/wp\/v2\/comments?post=511"}],"version-history":[{"count":7,"href":"https:\/\/hssdlogistics.be\/de\/wp-json\/wp\/v2\/pages\/511\/revisions"}],"predecessor-version":[{"id":639,"href":"https:\/\/hssdlogistics.be\/de\/wp-json\/wp\/v2\/pages\/511\/revisions\/639"}],"wp:attachment":[{"href":"https:\/\/hssdlogistics.be\/de\/wp-json\/wp\/v2\/media?parent=511"}],"curies":[{"name":"wp","href":"https:\/\/api.w.org\/{rel}","templated":true}]}}