{"id":511,"date":"2025-05-23T23:00:58","date_gmt":"2025-05-23T21:00:58","guid":{"rendered":"https:\/\/dev.hssdlogistics.be\/?page_id=511"},"modified":"2025-05-25T21:06:11","modified_gmt":"2025-05-25T19:06:11","slug":"termes","status":"publish","type":"page","link":"https:\/\/hssdlogistics.be\/fr\/voorwaarden\/","title":{"rendered":"Conditions"},"content":{"rendered":"<div data-elementor-type=\"wp-page\" data-elementor-id=\"511\" class=\"elementor elementor-511\" data-elementor-settings=\"{&quot;ha_cmc_init_switcher&quot;:&quot;no&quot;}\" data-elementor-post-type=\"page\">\n\t\t\t\t<div class=\"elementor-element elementor-element-03f1d5b e-flex e-con-boxed e-con e-parent\" data-id=\"03f1d5b\" data-element_type=\"container\" data-e-type=\"container\" data-settings=\"{&quot;background_background&quot;:&quot;classic&quot;,&quot;_ha_eqh_enable&quot;:false}\">\n\t\t\t\t\t<div class=\"e-con-inner\">\n\t\t\t\t<div class=\"elementor-element elementor-element-7a8a37a elementor-widget elementor-widget-heading\" data-id=\"7a8a37a\" data-element_type=\"widget\" data-e-type=\"widget\" data-widget_type=\"heading.default\">\n\t\t\t\t<div class=\"elementor-widget-container\">\n\t\t\t\t\t<h1 class=\"elementor-heading-title elementor-size-default\">\u00c0 propos de HSSD Logistics <\/h1>\t\t\t\t<\/div>\n\t\t\t\t<\/div>\n\t\t\t\t\t<\/div>\n\t\t\t\t<\/div>\n\t\t<div class=\"elementor-element elementor-element-a5a0f17 e-flex e-con-boxed e-con e-parent\" data-id=\"a5a0f17\" data-element_type=\"container\" data-e-type=\"container\" data-settings=\"{&quot;background_background&quot;:&quot;classic&quot;,&quot;_ha_eqh_enable&quot;:false}\">\n\t\t\t\t\t<div class=\"e-con-inner\">\n\t\t<div class=\"elementor-element elementor-element-5770732 e-con-full elementor-hidden-tablet elementor-hidden-mobile e-flex e-con e-child\" data-id=\"5770732\" data-element_type=\"container\" data-e-type=\"container\" data-settings=\"{&quot;_ha_eqh_enable&quot;:false}\">\n\t\t\t\t<div class=\"elementor-element elementor-element-0cad57f elementor-widget elementor-widget-image\" data-id=\"0cad57f\" data-element_type=\"widget\" data-e-type=\"widget\" data-widget_type=\"image.default\">\n\t\t\t\t<div class=\"elementor-widget-container\">\n\t\t\t\t\t\t\t\t\t\t\t\t\t\t\t<img alt=\"\" fetchpriority=\"high\" decoding=\"async\" width=\"768\" height=\"1024\" src=\"https:\/\/hssdlogistics.be\/wp-content\/uploads\/Afbeelding-van-WhatsApp-op-2025-05-21-om-21.45.15_6c6699cc.jpg\" class=\"attachment-large size-large wp-image-145\" srcset=\"https:\/\/hssdlogistics.be\/wp-content\/uploads\/Afbeelding-van-WhatsApp-op-2025-05-21-om-21.45.15_6c6699cc.jpg 768w, https:\/\/hssdlogistics.be\/wp-content\/uploads\/Afbeelding-van-WhatsApp-op-2025-05-21-om-21.45.15_6c6699cc-450x600.jpg 450w\" sizes=\"(max-width: 768px) 100vw, 768px\" \/>\t\t\t\t\t\t\t\t\t\t\t\t\t\t\t<\/div>\n\t\t\t\t<\/div>\n\t\t\t\t<\/div>\n\t\t<div class=\"elementor-element elementor-element-0584c2b e-con-full e-flex e-con e-child\" data-id=\"0584c2b\" data-element_type=\"container\" data-e-type=\"container\" data-settings=\"{&quot;_ha_eqh_enable&quot;:false}\">\n\t\t\t\t<div class=\"elementor-element elementor-element-de73dba elementor-widget__width-initial elementor-widget elementor-widget-heading\" data-id=\"de73dba\" data-element_type=\"widget\" data-e-type=\"widget\" data-widget_type=\"heading.default\">\n\t\t\t\t<div class=\"elementor-widget-container\">\n\t\t\t\t\t<h2 class=\"elementor-heading-title elementor-size-default\">Conditions<\/h2>\t\t\t\t<\/div>\n\t\t\t\t<\/div>\n\t\t\t\t<div class=\"elementor-element elementor-element-308179d elementor-widget elementor-widget-text-editor\" data-id=\"308179d\" data-element_type=\"widget\" data-e-type=\"widget\" data-widget_type=\"text-editor.default\">\n\t\t\t\t<div class=\"elementor-widget-container\">\n\t\t\t\t\t\t\t\t\t<p>HSSD Logistics agit uniquement en tant que transitaire pour et au nom de son client. La commission d'exp\u00e9dition est comprise dans le prix propos\u00e9 par HSSD Logistics et accept\u00e9 par le client. Toutes les activit\u00e9s de HSSD Logistics sont soumises aux conditions d'exp\u00e9dition belges de la Fenex, \u00e0 l'exception de la clause d'arbitrage. Outre les conditions d'exp\u00e9dition belges, les conditions suppl\u00e9mentaires de HSSD Logistics sont d'application. En cas de contradiction entre les conditions d'exp\u00e9dition belges et les conditions compl\u00e9mentaires, les conditions compl\u00e9mentaires pr\u00e9valent. Les relations juridiques entre les clients et HSSD Logistics sont r\u00e9gies par le droit belge et tous les litiges sont r\u00e9gl\u00e9s exclusivement par le tribunal comp\u00e9tent d'Anvers. Toutes les commandes accept\u00e9es par HSSD Logistics sont ex\u00e9cut\u00e9es sous r\u00e9serve du refus de toutes les conditions que le client peut vouloir imposer. HSSD Logistics n'est pas responsable des droits de douane, des pr\u00e9l\u00e8vements, etc. Toutes les commandes accept\u00e9es par HSSD Logistics sont ex\u00e9cut\u00e9es en refusant toutes les conditions que le client pourrait vouloir imposer.<\/p><p>Tous les contrats de HSSD Logistics sont toujours r\u00e9gis par le droit belge et les conditions g\u00e9n\u00e9rales de transport de HSSD Logistics. Pour tous les litiges entre HSSD Logistics et le sous-traitant, le tribunal d'Anvers n'est pas exclusivement comp\u00e9tent. Toutes les conditions que le sous-traitant souhaite imposer sont rejet\u00e9es. HSSD Logistics n'est pas responsable des droits de douane, pr\u00e9l\u00e8vements, etc.<\/p>\t\t\t\t\t\t\t\t<\/div>\n\t\t\t\t<\/div>\n\t\t\t\t<\/div>\n\t\t\t\t\t<\/div>\n\t\t\t\t<\/div>\n\t\t\t\t<\/div>","protected":false},"excerpt":{"rendered":"<p>Over HSSD Logistics Voorwaarden HSSD Logistics treedt alleen op als expediteur voor en namens haar opdrachtgever. De expeditiecommissie is inbegrepen in de door HSSD Logistics geoffreerde en door de klant aanvaarde prijs. Op alle activiteiten ondernomen door HSSD Logistics zijn de Belgische Expeditievoorwaarden van de Fenex van toepassing, met uitzondering van de arbitrageclausule. In aanvulling [&hellip;]<\/p>\n","protected":false},"author":1,"featured_media":0,"parent":0,"menu_order":0,"comment_status":"closed","ping_status":"closed","template":"","meta":{"_seopress_robots_primary_cat":"","_seopress_titles_title":"","_seopress_titles_desc":"","_seopress_robots_index":"","iawp_total_views":114,"footnotes":""},"class_list":["post-511","page","type-page","status-publish","hentry"],"_links":{"self":[{"href":"https:\/\/hssdlogistics.be\/fr\/wp-json\/wp\/v2\/pages\/511","targetHints":{"allow":["GET"]}}],"collection":[{"href":"https:\/\/hssdlogistics.be\/fr\/wp-json\/wp\/v2\/pages"}],"about":[{"href":"https:\/\/hssdlogistics.be\/fr\/wp-json\/wp\/v2\/types\/page"}],"author":[{"embeddable":true,"href":"https:\/\/hssdlogistics.be\/fr\/wp-json\/wp\/v2\/users\/1"}],"replies":[{"embeddable":true,"href":"https:\/\/hssdlogistics.be\/fr\/wp-json\/wp\/v2\/comments?post=511"}],"version-history":[{"count":7,"href":"https:\/\/hssdlogistics.be\/fr\/wp-json\/wp\/v2\/pages\/511\/revisions"}],"predecessor-version":[{"id":639,"href":"https:\/\/hssdlogistics.be\/fr\/wp-json\/wp\/v2\/pages\/511\/revisions\/639"}],"wp:attachment":[{"href":"https:\/\/hssdlogistics.be\/fr\/wp-json\/wp\/v2\/media?parent=511"}],"curies":[{"name":"wp","href":"https:\/\/api.w.org\/{rel}","templated":true}]}}