{"id":14,"date":"2025-05-21T23:07:22","date_gmt":"2025-05-21T21:07:22","guid":{"rendered":"https:\/\/dev.hssdlogistics.be\/?page_id=14"},"modified":"2025-07-05T21:02:59","modified_gmt":"2025-07-05T19:02:59","slug":"despre-noi","status":"publish","type":"page","link":"https:\/\/hssdlogistics.be\/ro\/over-ons\/","title":{"rendered":"Despre noi"},"content":{"rendered":"<div data-elementor-type=\"wp-page\" data-elementor-id=\"14\" class=\"elementor elementor-14\" data-elementor-settings=\"{&quot;ha_cmc_init_switcher&quot;:&quot;no&quot;}\" data-elementor-post-type=\"page\">\n\t\t\t\t<div class=\"elementor-element elementor-element-bc0a674 e-flex e-con-boxed e-con e-parent\" data-id=\"bc0a674\" data-element_type=\"container\" data-e-type=\"container\" data-settings=\"{&quot;background_background&quot;:&quot;classic&quot;,&quot;_ha_eqh_enable&quot;:false}\">\n\t\t\t\t\t<div class=\"e-con-inner\">\n\t\t\t\t<div class=\"elementor-element elementor-element-4d0c187 elementor-widget elementor-widget-heading\" data-id=\"4d0c187\" data-element_type=\"widget\" data-e-type=\"widget\" data-widget_type=\"heading.default\">\n\t\t\t\t<div class=\"elementor-widget-container\">\n\t\t\t\t\t<h1 class=\"elementor-heading-title elementor-size-default\">Despre HSSD Logistics <\/h1>\t\t\t\t<\/div>\n\t\t\t\t<\/div>\n\t\t\t\t\t<\/div>\n\t\t\t\t<\/div>\n\t\t<div class=\"elementor-element elementor-element-2f7aab8 e-flex e-con-boxed e-con e-parent\" data-id=\"2f7aab8\" data-element_type=\"container\" data-e-type=\"container\" data-settings=\"{&quot;background_background&quot;:&quot;classic&quot;,&quot;_ha_eqh_enable&quot;:false}\">\n\t\t\t\t\t<div class=\"e-con-inner\">\n\t\t<div class=\"elementor-element elementor-element-cbff361 e-con-full e-flex e-con e-child\" data-id=\"cbff361\" data-element_type=\"container\" data-e-type=\"container\" data-settings=\"{&quot;_ha_eqh_enable&quot;:false}\">\n\t\t\t\t<div class=\"elementor-element elementor-element-a3f7ce8 elementor-widget elementor-widget-image\" data-id=\"a3f7ce8\" data-element_type=\"widget\" data-e-type=\"widget\" data-widget_type=\"image.default\">\n\t\t\t\t<div class=\"elementor-widget-container\">\n\t\t\t\t\t\t\t\t\t\t\t\t\t\t\t<img alt=\"\" fetchpriority=\"high\" decoding=\"async\" width=\"643\" height=\"811\" src=\"https:\/\/hssdlogistics.be\/wp-content\/uploads\/C8A7160.jpg\" class=\"attachment-large size-large wp-image-892\" srcset=\"https:\/\/hssdlogistics.be\/wp-content\/uploads\/C8A7160.jpg 643w, https:\/\/hssdlogistics.be\/wp-content\/uploads\/C8A7160-476x600.jpg 476w, https:\/\/hssdlogistics.be\/wp-content\/uploads\/C8A7160-10x12.jpg 10w\" sizes=\"(max-width: 643px) 100vw, 643px\" \/>\t\t\t\t\t\t\t\t\t\t\t\t\t\t\t<\/div>\n\t\t\t\t<\/div>\n\t\t\t\t<\/div>\n\t\t<div class=\"elementor-element elementor-element-57efe67 e-con-full e-flex e-con e-child\" data-id=\"57efe67\" data-element_type=\"container\" data-e-type=\"container\" data-settings=\"{&quot;_ha_eqh_enable&quot;:false}\">\n\t\t\t\t<div class=\"elementor-element elementor-element-2d689fb elementor-widget__width-initial elementor-widget elementor-widget-heading\" data-id=\"2d689fb\" data-element_type=\"widget\" data-e-type=\"widget\" data-widget_type=\"heading.default\">\n\t\t\t\t<div class=\"elementor-widget-container\">\n\t\t\t\t\t<h2 class=\"elementor-heading-title elementor-size-default\">Cre\u0219tere din pasiune - \u0219i familie <b> \u0219i familie  <\/b><\/h2>\t\t\t\t<\/div>\n\t\t\t\t<\/div>\n\t\t\t\t<div class=\"elementor-element elementor-element-b433119 elementor-widget elementor-widget-text-editor\" data-id=\"b433119\" data-element_type=\"widget\" data-e-type=\"widget\" data-widget_type=\"text-editor.default\">\n\t\t\t\t<div class=\"elementor-widget-container\">\n\t\t\t\t\t\t\t\t\t<p>Davy Lievens a crescut literalmente printre camioane. Tat\u0103l s\u0103u a fost ani de zile la volanul unui camion, iar na\u0219ul s\u0103u a avut propria sa companie de transport. A\u0219adar, dragostea pentru drum i-a intrat \u00een s\u00e2nge de la o v\u00e2rst\u0103 fraged\u0103.<\/p><p>Dup\u0103 o perioad\u0103 \u00een care a lucrat cu furgonete \u0219i camioane sta\u021bionare, Davy \u0219i-a ob\u021binut permisul de conducere CE \u00een 2003. La fel ca tat\u0103l s\u0103u, a \u00eenceput cu transportul maritim de containere. A acumulat ani de experien\u021b\u0103 \u00een diferite companii p\u00e2n\u0103 c\u00e2nd, \u00een 2008, a decis c\u0103 este timpul s\u0103 fac\u0103 ceva pe cont propriu. Astfel s-a n\u0103scut Transport Davy Lievens, \u00eempreun\u0103 cu prietena sa Sylvie \u0219i fiul s\u0103u Sam.<\/p>\t\t\t\t\t\t\t\t<\/div>\n\t\t\t\t<\/div>\n\t\t\t\t<div class=\"elementor-element elementor-element-92cf9e6 elementor-widget elementor-widget-heading\" data-id=\"92cf9e6\" data-element_type=\"widget\" data-e-type=\"widget\" data-widget_type=\"heading.default\">\n\t\t\t\t<div class=\"elementor-widget-container\">\n\t\t\t\t\t<h3 class=\"elementor-heading-title elementor-size-default\">Cre\u0219terea unei companii ambi\u021bioase\n<\/h3>\t\t\t\t<\/div>\n\t\t\t\t<\/div>\n\t\t\t\t<div class=\"elementor-element elementor-element-5e18226 elementor-widget elementor-widget-text-editor\" data-id=\"5e18226\" data-element_type=\"widget\" data-e-type=\"widget\" data-widget_type=\"text-editor.default\">\n\t\t\t\t<div class=\"elementor-widget-container\">\n\t\t\t\t\t\t\t\t\t<p>Dar Davy putea face mai mult dec\u00e2t s\u0103 conduc\u0103. Abilit\u0103\u021bile sale organizatorice au atras aten\u021bia - nu numai cu clien\u021bii, ci \u0219i cu clien\u021bii. Cur\u00e2nd s-a ocupat \u0219i de coordonare: planificare, gestionarea \u0219oferilor, contactul cu clien\u021bii... Cur\u00e2nd a devenit clar: ceva frumos cre\u0219te aici.<\/p>\t\t\t\t\t\t\t\t<\/div>\n\t\t\t\t<\/div>\n\t\t\t\t<\/div>\n\t\t\t\t\t<\/div>\n\t\t\t\t<\/div>\n\t\t<div class=\"elementor-element elementor-element-86b8206 e-flex e-con-boxed e-con e-parent\" data-id=\"86b8206\" data-element_type=\"container\" data-e-type=\"container\" data-settings=\"{&quot;background_background&quot;:&quot;classic&quot;,&quot;_ha_eqh_enable&quot;:false}\">\n\t\t\t\t\t<div class=\"e-con-inner\">\n\t\t<div class=\"elementor-element elementor-element-ac1a25f e-con-full e-transform e-flex e-con e-child\" data-id=\"ac1a25f\" data-element_type=\"container\" data-e-type=\"container\" data-settings=\"{&quot;_transform_scale_effect&quot;:{&quot;unit&quot;:&quot;px&quot;,&quot;size&quot;:0.8,&quot;sizes&quot;:[]},&quot;_transform_scale_effect_tablet&quot;:{&quot;unit&quot;:&quot;px&quot;,&quot;size&quot;:&quot;&quot;,&quot;sizes&quot;:[]},&quot;_transform_scale_effect_mobile&quot;:{&quot;unit&quot;:&quot;px&quot;,&quot;size&quot;:&quot;&quot;,&quot;sizes&quot;:[]}}\">\n\t\t\t\t<div class=\"elementor-element elementor-element-4ffd70b elementor-widget elementor-widget-image\" data-id=\"4ffd70b\" data-element_type=\"widget\" data-e-type=\"widget\" data-widget_type=\"image.default\">\n\t\t\t\t<div class=\"elementor-widget-container\">\n\t\t\t\t\t\t\t\t\t\t\t\t\t\t\t<img alt=\"\" decoding=\"async\" width=\"650\" height=\"708\" src=\"https:\/\/hssdlogistics.be\/wp-content\/uploads\/Helena-Boden-1.jpg\" class=\"attachment-large size-large wp-image-891\" srcset=\"https:\/\/hssdlogistics.be\/wp-content\/uploads\/Helena-Boden-1.jpg 650w, https:\/\/hssdlogistics.be\/wp-content\/uploads\/Helena-Boden-1-551x600.jpg 551w, https:\/\/hssdlogistics.be\/wp-content\/uploads\/Helena-Boden-1-11x12.jpg 11w\" sizes=\"(max-width: 650px) 100vw, 650px\" \/>\t\t\t\t\t\t\t\t\t\t\t\t\t\t\t<\/div>\n\t\t\t\t<\/div>\n\t\t\t\t<\/div>\n\t\t<div class=\"elementor-element elementor-element-5f68965 e-con-full e-flex e-con e-child\" data-id=\"5f68965\" data-element_type=\"container\" data-e-type=\"container\" data-settings=\"{&quot;background_background&quot;:&quot;classic&quot;,&quot;_ha_eqh_enable&quot;:false}\">\n\t\t\t\t<div class=\"elementor-element elementor-element-25d8be7 elementor-widget__width-initial elementor-widget elementor-widget-heading\" data-id=\"25d8be7\" data-element_type=\"widget\" data-e-type=\"widget\" data-widget_type=\"heading.default\">\n\t\t\t\t<div class=\"elementor-widget-container\">\n\t\t\t\t\t<h2 class=\"elementor-heading-title elementor-size-default\">Un nume cu <b>semnifica\u021bie <\/b><\/h2>\t\t\t\t<\/div>\n\t\t\t\t<\/div>\n\t\t\t\t<div class=\"elementor-element elementor-element-c35794d elementor-widget elementor-widget-text-editor\" data-id=\"c35794d\" data-element_type=\"widget\" data-e-type=\"widget\" data-widget_type=\"text-editor.default\">\n\t\t\t\t<div class=\"elementor-widget-container\">\n\t\t\t\t\t\t\t\t\t<p>La 1 iulie 2019, Helena Boden s-a al\u0103turat echipei. Helena s-a impus imediat ca o st\u00e2nc\u0103 administrativ\u0103. Ast\u0103zi, ea este un element fix \u00een companie - \u0219i \u00een familie.<\/p><p>Aceast\u0103 evolu\u021bie a condus la un nou nume \u0219i o nou\u0103 structur\u0103 \u00een 2020: HSSD Logistics. O recunoa\u0219tere a ceea ce suntem - Helena, Sam, Sylvie \u0219i Davy.<\/p><p>O afacere de familie foarte unit\u0103, cu o viziune clar\u0103:<\/p>\t\t\t\t\t\t\t\t<\/div>\n\t\t\t\t<\/div>\n\t\t\t\t<div class=\"elementor-element elementor-element-453eff6 elementor-widget elementor-widget-heading\" data-id=\"453eff6\" data-element_type=\"widget\" data-e-type=\"widget\" data-widget_type=\"heading.default\">\n\t\t\t\t<div class=\"elementor-widget-container\">\n\t\t\t\t\t<span class=\"elementor-heading-title elementor-size-default\">transport personalizat, cu inima la locul potrivit. <\/span>\t\t\t\t<\/div>\n\t\t\t\t<\/div>\n\t\t\t\t<\/div>\n\t\t\t\t\t<\/div>\n\t\t\t\t<\/div>\n\t\t<div class=\"elementor-element elementor-element-0826309 e-con-full e-flex e-con e-parent\" data-id=\"0826309\" data-element_type=\"container\" data-e-type=\"container\" data-settings=\"{&quot;background_background&quot;:&quot;classic&quot;,&quot;_ha_eqh_enable&quot;:false}\">\n\t\t\t\t<div class=\"elementor-element elementor-element-b2e3e35 elementor-widget elementor-widget-gallery\" data-id=\"b2e3e35\" data-element_type=\"widget\" data-e-type=\"widget\" data-settings=\"{&quot;gap&quot;:{&quot;unit&quot;:&quot;px&quot;,&quot;size&quot;:20,&quot;sizes&quot;:[]},&quot;columns&quot;:5,&quot;lazyload&quot;:&quot;yes&quot;,&quot;gallery_layout&quot;:&quot;grid&quot;,&quot;columns_tablet&quot;:2,&quot;columns_mobile&quot;:1,&quot;gap_tablet&quot;:{&quot;unit&quot;:&quot;px&quot;,&quot;size&quot;:10,&quot;sizes&quot;:[]},&quot;gap_mobile&quot;:{&quot;unit&quot;:&quot;px&quot;,&quot;size&quot;:10,&quot;sizes&quot;:[]},&quot;link_to&quot;:&quot;file&quot;,&quot;aspect_ratio&quot;:&quot;3:2&quot;,&quot;overlay_background&quot;:&quot;yes&quot;,&quot;content_hover_animation&quot;:&quot;fade-in&quot;}\" data-widget_type=\"gallery.default\">\n\t\t\t\t<div class=\"elementor-widget-container\">\n\t\t\t\t\t\t\t<div class=\"elementor-gallery__container\">\n\t\t\t\t\t\t\t<a class=\"e-gallery-item elementor-gallery-item elementor-animated-content\" href=\"https:\/\/hssdlogistics.be\/wp-content\/uploads\/WhatsApp-Image-2025-07-05-at-16.48.28-1.jpeg\" data-elementor-open-lightbox=\"yes\" data-elementor-lightbox-slideshow=\"b2e3e35\" data-elementor-lightbox-title=\"WhatsApp Image 2025-07-05 at 16.48.28 (1)\" data-e-action-hash=\"#elementor-action%3Aaction%3Dlightbox%26settings%3DeyJpZCI6MTA2MSwidXJsIjoiaHR0cHM6XC9cL2hzc2Rsb2dpc3RpY3MuYmVcL3dwLWNvbnRlbnRcL3VwbG9hZHNcL1doYXRzQXBwLUltYWdlLTIwMjUtMDctMDUtYXQtMTYuNDguMjgtMS5qcGVnIiwic2xpZGVzaG93IjoiYjJlM2UzNSJ9\">\n\t\t\t\t\t<div class=\"e-gallery-image elementor-gallery-item__image\" data-thumbnail=\"https:\/\/hssdlogistics.be\/wp-content\/uploads\/WhatsApp-Image-2025-07-05-at-16.48.28-1.jpeg\" data-width=\"739\" data-height=\"1600\" aria-label=\"\" role=\"img\" ><\/div>\n\t\t\t\t\t\t\t\t\t\t\t<div class=\"elementor-gallery-item__overlay\"><\/div>\n\t\t\t\t\t\t\t\t\t\t\t\t\t\t<\/a>\n\t\t\t\t\t\t\t<a class=\"e-gallery-item elementor-gallery-item elementor-animated-content\" href=\"https:\/\/hssdlogistics.be\/wp-content\/uploads\/HDDS-Logistics-Vrachtwagens-8.jpeg\" data-elementor-open-lightbox=\"yes\" data-elementor-lightbox-slideshow=\"b2e3e35\" data-elementor-lightbox-title=\"HDDS Logistics Vrachtwagens (8)\" data-e-action-hash=\"#elementor-action%3Aaction%3Dlightbox%26settings%3DeyJpZCI6OTQ4LCJ1cmwiOiJodHRwczpcL1wvaHNzZGxvZ2lzdGljcy5iZVwvd3AtY29udGVudFwvdXBsb2Fkc1wvSEREUy1Mb2dpc3RpY3MtVnJhY2h0d2FnZW5zLTguanBlZyIsInNsaWRlc2hvdyI6ImIyZTNlMzUifQ%3D%3D\">\n\t\t\t\t\t<div class=\"e-gallery-image elementor-gallery-item__image\" data-thumbnail=\"https:\/\/hssdlogistics.be\/wp-content\/uploads\/HDDS-Logistics-Vrachtwagens-8-768x1024.jpeg\" data-width=\"768\" data-height=\"1024\" aria-label=\"\" role=\"img\" ><\/div>\n\t\t\t\t\t\t\t\t\t\t\t<div class=\"elementor-gallery-item__overlay\"><\/div>\n\t\t\t\t\t\t\t\t\t\t\t\t\t\t<\/a>\n\t\t\t\t\t\t\t<a class=\"e-gallery-item elementor-gallery-item elementor-animated-content\" href=\"https:\/\/hssdlogistics.be\/wp-content\/uploads\/HDDS-Logistics-Vrachtwagens-6.jpeg\" data-elementor-open-lightbox=\"yes\" data-elementor-lightbox-slideshow=\"b2e3e35\" data-elementor-lightbox-title=\"HDDS Logistics Vrachtwagens (6)\" data-e-action-hash=\"#elementor-action%3Aaction%3Dlightbox%26settings%3DeyJpZCI6OTQ2LCJ1cmwiOiJodHRwczpcL1wvaHNzZGxvZ2lzdGljcy5iZVwvd3AtY29udGVudFwvdXBsb2Fkc1wvSEREUy1Mb2dpc3RpY3MtVnJhY2h0d2FnZW5zLTYuanBlZyIsInNsaWRlc2hvdyI6ImIyZTNlMzUifQ%3D%3D\">\n\t\t\t\t\t<div class=\"e-gallery-image elementor-gallery-item__image\" data-thumbnail=\"https:\/\/hssdlogistics.be\/wp-content\/uploads\/HDDS-Logistics-Vrachtwagens-6-768x576.jpeg\" data-width=\"768\" data-height=\"576\" aria-label=\"\" role=\"img\" ><\/div>\n\t\t\t\t\t\t\t\t\t\t\t<div class=\"elementor-gallery-item__overlay\"><\/div>\n\t\t\t\t\t\t\t\t\t\t\t\t\t\t<\/a>\n\t\t\t\t\t\t\t<a class=\"e-gallery-item elementor-gallery-item elementor-animated-content\" href=\"https:\/\/hssdlogistics.be\/wp-content\/uploads\/HDDS-Logistics-Vrachtwagens-7.jpeg\" data-elementor-open-lightbox=\"yes\" data-elementor-lightbox-slideshow=\"b2e3e35\" data-elementor-lightbox-title=\"HDDS Logistics Vrachtwagens (7)\" data-e-action-hash=\"#elementor-action%3Aaction%3Dlightbox%26settings%3DeyJpZCI6OTQ3LCJ1cmwiOiJodHRwczpcL1wvaHNzZGxvZ2lzdGljcy5iZVwvd3AtY29udGVudFwvdXBsb2Fkc1wvSEREUy1Mb2dpc3RpY3MtVnJhY2h0d2FnZW5zLTcuanBlZyIsInNsaWRlc2hvdyI6ImIyZTNlMzUifQ%3D%3D\">\n\t\t\t\t\t<div class=\"e-gallery-image elementor-gallery-item__image\" data-thumbnail=\"https:\/\/hssdlogistics.be\/wp-content\/uploads\/HDDS-Logistics-Vrachtwagens-7-768x432.jpeg\" data-width=\"768\" data-height=\"432\" aria-label=\"\" role=\"img\" ><\/div>\n\t\t\t\t\t\t\t\t\t\t\t<div class=\"elementor-gallery-item__overlay\"><\/div>\n\t\t\t\t\t\t\t\t\t\t\t\t\t\t<\/a>\n\t\t\t\t\t\t\t<a class=\"e-gallery-item elementor-gallery-item elementor-animated-content\" href=\"https:\/\/hssdlogistics.be\/wp-content\/uploads\/HDDS-Logistics-Vrachtwagens-2.jpeg\" data-elementor-open-lightbox=\"yes\" data-elementor-lightbox-slideshow=\"b2e3e35\" data-elementor-lightbox-title=\"HDDS Logistics Vrachtwagens (2)\" data-e-action-hash=\"#elementor-action%3Aaction%3Dlightbox%26settings%3DeyJpZCI6OTUwLCJ1cmwiOiJodHRwczpcL1wvaHNzZGxvZ2lzdGljcy5iZVwvd3AtY29udGVudFwvdXBsb2Fkc1wvSEREUy1Mb2dpc3RpY3MtVnJhY2h0d2FnZW5zLTIuanBlZyIsInNsaWRlc2hvdyI6ImIyZTNlMzUifQ%3D%3D\">\n\t\t\t\t\t<div class=\"e-gallery-image elementor-gallery-item__image\" data-thumbnail=\"https:\/\/hssdlogistics.be\/wp-content\/uploads\/HDDS-Logistics-Vrachtwagens-2-768x1024.jpeg\" data-width=\"768\" data-height=\"1024\" aria-label=\"\" role=\"img\" ><\/div>\n\t\t\t\t\t\t\t\t\t\t\t<div class=\"elementor-gallery-item__overlay\"><\/div>\n\t\t\t\t\t\t\t\t\t\t\t\t\t\t<\/a>\n\t\t\t\t\t\t\t<a class=\"e-gallery-item elementor-gallery-item elementor-animated-content\" href=\"https:\/\/hssdlogistics.be\/wp-content\/uploads\/HDDS-Logistics-Vrachtwagens-4.jpeg\" data-elementor-open-lightbox=\"yes\" data-elementor-lightbox-slideshow=\"b2e3e35\" data-elementor-lightbox-title=\"HDDS Logistics Vrachtwagens (4)\" data-e-action-hash=\"#elementor-action%3Aaction%3Dlightbox%26settings%3DeyJpZCI6OTUyLCJ1cmwiOiJodHRwczpcL1wvaHNzZGxvZ2lzdGljcy5iZVwvd3AtY29udGVudFwvdXBsb2Fkc1wvSEREUy1Mb2dpc3RpY3MtVnJhY2h0d2FnZW5zLTQuanBlZyIsInNsaWRlc2hvdyI6ImIyZTNlMzUifQ%3D%3D\">\n\t\t\t\t\t<div class=\"e-gallery-image elementor-gallery-item__image\" data-thumbnail=\"https:\/\/hssdlogistics.be\/wp-content\/uploads\/HDDS-Logistics-Vrachtwagens-4.jpeg\" data-width=\"739\" data-height=\"1600\" aria-label=\"\" role=\"img\" ><\/div>\n\t\t\t\t\t\t\t\t\t\t\t<div class=\"elementor-gallery-item__overlay\"><\/div>\n\t\t\t\t\t\t\t\t\t\t\t\t\t\t<\/a>\n\t\t\t\t\t\t\t<a class=\"e-gallery-item elementor-gallery-item elementor-animated-content\" href=\"https:\/\/hssdlogistics.be\/wp-content\/uploads\/HDDS-Logistics-Vrachtwagens-3.jpeg\" data-elementor-open-lightbox=\"yes\" data-elementor-lightbox-slideshow=\"b2e3e35\" data-elementor-lightbox-title=\"HDDS Logistics Vrachtwagens (3)\" data-e-action-hash=\"#elementor-action%3Aaction%3Dlightbox%26settings%3DeyJpZCI6OTUxLCJ1cmwiOiJodHRwczpcL1wvaHNzZGxvZ2lzdGljcy5iZVwvd3AtY29udGVudFwvdXBsb2Fkc1wvSEREUy1Mb2dpc3RpY3MtVnJhY2h0d2FnZW5zLTMuanBlZyIsInNsaWRlc2hvdyI6ImIyZTNlMzUifQ%3D%3D\">\n\t\t\t\t\t<div class=\"e-gallery-image elementor-gallery-item__image\" data-thumbnail=\"https:\/\/hssdlogistics.be\/wp-content\/uploads\/HDDS-Logistics-Vrachtwagens-3-768x1024.jpeg\" data-width=\"768\" data-height=\"1024\" aria-label=\"\" role=\"img\" ><\/div>\n\t\t\t\t\t\t\t\t\t\t\t<div class=\"elementor-gallery-item__overlay\"><\/div>\n\t\t\t\t\t\t\t\t\t\t\t\t\t\t<\/a>\n\t\t\t\t\t\t\t<a class=\"e-gallery-item elementor-gallery-item elementor-animated-content\" href=\"https:\/\/hssdlogistics.be\/wp-content\/uploads\/HDDS-Logistics-Vrachtwagens-1.jpeg\" data-elementor-open-lightbox=\"yes\" data-elementor-lightbox-slideshow=\"b2e3e35\" data-elementor-lightbox-title=\"HDDS Logistics Vrachtwagens (1)\" data-e-action-hash=\"#elementor-action%3Aaction%3Dlightbox%26settings%3DeyJpZCI6OTQ5LCJ1cmwiOiJodHRwczpcL1wvaHNzZGxvZ2lzdGljcy5iZVwvd3AtY29udGVudFwvdXBsb2Fkc1wvSEREUy1Mb2dpc3RpY3MtVnJhY2h0d2FnZW5zLTEuanBlZyIsInNsaWRlc2hvdyI6ImIyZTNlMzUifQ%3D%3D\">\n\t\t\t\t\t<div class=\"e-gallery-image elementor-gallery-item__image\" data-thumbnail=\"https:\/\/hssdlogistics.be\/wp-content\/uploads\/HDDS-Logistics-Vrachtwagens-1.jpeg\" data-width=\"739\" data-height=\"1600\" aria-label=\"\" role=\"img\" ><\/div>\n\t\t\t\t\t\t\t\t\t\t\t<div class=\"elementor-gallery-item__overlay\"><\/div>\n\t\t\t\t\t\t\t\t\t\t\t\t\t\t<\/a>\n\t\t\t\t\t\t\t<a class=\"e-gallery-item elementor-gallery-item elementor-animated-content\" href=\"https:\/\/hssdlogistics.be\/wp-content\/uploads\/HDDS-Logistics-Vrachtwagens-5.jpeg\" data-elementor-open-lightbox=\"yes\" data-elementor-lightbox-slideshow=\"b2e3e35\" data-elementor-lightbox-title=\"HDDS Logistics Vrachtwagens (5)\" data-e-action-hash=\"#elementor-action%3Aaction%3Dlightbox%26settings%3DeyJpZCI6OTUzLCJ1cmwiOiJodHRwczpcL1wvaHNzZGxvZ2lzdGljcy5iZVwvd3AtY29udGVudFwvdXBsb2Fkc1wvSEREUy1Mb2dpc3RpY3MtVnJhY2h0d2FnZW5zLTUuanBlZyIsInNsaWRlc2hvdyI6ImIyZTNlMzUifQ%3D%3D\">\n\t\t\t\t\t<div class=\"e-gallery-image elementor-gallery-item__image\" data-thumbnail=\"https:\/\/hssdlogistics.be\/wp-content\/uploads\/HDDS-Logistics-Vrachtwagens-5.jpeg\" data-width=\"739\" data-height=\"1600\" aria-label=\"\" role=\"img\" ><\/div>\n\t\t\t\t\t\t\t\t\t\t\t<div class=\"elementor-gallery-item__overlay\"><\/div>\n\t\t\t\t\t\t\t\t\t\t\t\t\t\t<\/a>\n\t\t\t\t\t\t\t<a class=\"e-gallery-item elementor-gallery-item elementor-animated-content\" href=\"https:\/\/hssdlogistics.be\/wp-content\/uploads\/WhatsApp-Image-2025-07-05-at-16.48.28.jpeg\" data-elementor-open-lightbox=\"yes\" data-elementor-lightbox-slideshow=\"b2e3e35\" data-elementor-lightbox-title=\"WhatsApp Image 2025-07-05 at 16.48.28\" data-e-action-hash=\"#elementor-action%3Aaction%3Dlightbox%26settings%3DeyJpZCI6MTA2MCwidXJsIjoiaHR0cHM6XC9cL2hzc2Rsb2dpc3RpY3MuYmVcL3dwLWNvbnRlbnRcL3VwbG9hZHNcL1doYXRzQXBwLUltYWdlLTIwMjUtMDctMDUtYXQtMTYuNDguMjguanBlZyIsInNsaWRlc2hvdyI6ImIyZTNlMzUifQ%3D%3D\">\n\t\t\t\t\t<div class=\"e-gallery-image elementor-gallery-item__image\" data-thumbnail=\"https:\/\/hssdlogistics.be\/wp-content\/uploads\/WhatsApp-Image-2025-07-05-at-16.48.28.jpeg\" data-width=\"739\" data-height=\"1600\" aria-label=\"\" role=\"img\" ><\/div>\n\t\t\t\t\t\t\t\t\t\t\t<div class=\"elementor-gallery-item__overlay\"><\/div>\n\t\t\t\t\t\t\t\t\t\t\t\t\t\t<\/a>\n\t\t\t\t\t<\/div>\n\t\t\t\t\t<\/div>\n\t\t\t\t<\/div>\n\t\t\t\t<\/div>\n\t\t\t\t<\/div>","protected":false},"excerpt":{"rendered":"<p>Over HSSD Logistics Groeien vanuit passie \u2013 en familie Davy Lievens groeide letterlijk op tussen de vrachtwagens. Zijn vader zat jaren achter het stuur van een vrachtwagen, zijn peter had zijn eigen transportbedrijf. De liefde voor de weg zat dus al van jongs af aan in zijn bloed. Na een periode met bestelwagens en vaste [&hellip;]<\/p>\n","protected":false},"author":1,"featured_media":0,"parent":0,"menu_order":0,"comment_status":"closed","ping_status":"closed","template":"","meta":{"_seopress_robots_primary_cat":"","_seopress_titles_title":"","_seopress_titles_desc":"","_seopress_robots_index":"","iawp_total_views":2925,"footnotes":""},"class_list":["post-14","page","type-page","status-publish","hentry"],"_links":{"self":[{"href":"https:\/\/hssdlogistics.be\/ro\/wp-json\/wp\/v2\/pages\/14","targetHints":{"allow":["GET"]}}],"collection":[{"href":"https:\/\/hssdlogistics.be\/ro\/wp-json\/wp\/v2\/pages"}],"about":[{"href":"https:\/\/hssdlogistics.be\/ro\/wp-json\/wp\/v2\/types\/page"}],"author":[{"embeddable":true,"href":"https:\/\/hssdlogistics.be\/ro\/wp-json\/wp\/v2\/users\/1"}],"replies":[{"embeddable":true,"href":"https:\/\/hssdlogistics.be\/ro\/wp-json\/wp\/v2\/comments?post=14"}],"version-history":[{"count":73,"href":"https:\/\/hssdlogistics.be\/ro\/wp-json\/wp\/v2\/pages\/14\/revisions"}],"predecessor-version":[{"id":1067,"href":"https:\/\/hssdlogistics.be\/ro\/wp-json\/wp\/v2\/pages\/14\/revisions\/1067"}],"wp:attachment":[{"href":"https:\/\/hssdlogistics.be\/ro\/wp-json\/wp\/v2\/media?parent=14"}],"curies":[{"name":"wp","href":"https:\/\/api.w.org\/{rel}","templated":true}]}}