{"id":511,"date":"2025-05-23T23:00:58","date_gmt":"2025-05-23T21:00:58","guid":{"rendered":"https:\/\/dev.hssdlogistics.be\/?page_id=511"},"modified":"2025-05-25T21:06:11","modified_gmt":"2025-05-25T19:06:11","slug":"conditii","status":"publish","type":"page","link":"https:\/\/hssdlogistics.be\/ro\/voorwaarden\/","title":{"rendered":"Condi\u021bii"},"content":{"rendered":"<div data-elementor-type=\"wp-page\" data-elementor-id=\"511\" class=\"elementor elementor-511\" data-elementor-settings=\"{&quot;ha_cmc_init_switcher&quot;:&quot;no&quot;}\" data-elementor-post-type=\"page\">\n\t\t\t\t<div class=\"elementor-element elementor-element-03f1d5b e-flex e-con-boxed e-con e-parent\" data-id=\"03f1d5b\" data-element_type=\"container\" data-e-type=\"container\" data-settings=\"{&quot;background_background&quot;:&quot;classic&quot;,&quot;_ha_eqh_enable&quot;:false}\">\n\t\t\t\t\t<div class=\"e-con-inner\">\n\t\t\t\t<div class=\"elementor-element elementor-element-7a8a37a elementor-widget elementor-widget-heading\" data-id=\"7a8a37a\" data-element_type=\"widget\" data-e-type=\"widget\" data-widget_type=\"heading.default\">\n\t\t\t\t<div class=\"elementor-widget-container\">\n\t\t\t\t\t<h1 class=\"elementor-heading-title elementor-size-default\">Despre HSSD Logistics <\/h1>\t\t\t\t<\/div>\n\t\t\t\t<\/div>\n\t\t\t\t\t<\/div>\n\t\t\t\t<\/div>\n\t\t<div class=\"elementor-element elementor-element-a5a0f17 e-flex e-con-boxed e-con e-parent\" data-id=\"a5a0f17\" data-element_type=\"container\" data-e-type=\"container\" data-settings=\"{&quot;background_background&quot;:&quot;classic&quot;,&quot;_ha_eqh_enable&quot;:false}\">\n\t\t\t\t\t<div class=\"e-con-inner\">\n\t\t<div class=\"elementor-element elementor-element-5770732 e-con-full elementor-hidden-tablet elementor-hidden-mobile e-flex e-con e-child\" data-id=\"5770732\" data-element_type=\"container\" data-e-type=\"container\" data-settings=\"{&quot;_ha_eqh_enable&quot;:false}\">\n\t\t\t\t<div class=\"elementor-element elementor-element-0cad57f elementor-widget elementor-widget-image\" data-id=\"0cad57f\" data-element_type=\"widget\" data-e-type=\"widget\" data-widget_type=\"image.default\">\n\t\t\t\t<div class=\"elementor-widget-container\">\n\t\t\t\t\t\t\t\t\t\t\t\t\t\t\t<img alt=\"\" fetchpriority=\"high\" decoding=\"async\" width=\"768\" height=\"1024\" src=\"https:\/\/hssdlogistics.be\/wp-content\/uploads\/Afbeelding-van-WhatsApp-op-2025-05-21-om-21.45.15_6c6699cc.jpg\" class=\"attachment-large size-large wp-image-145\" srcset=\"https:\/\/hssdlogistics.be\/wp-content\/uploads\/Afbeelding-van-WhatsApp-op-2025-05-21-om-21.45.15_6c6699cc.jpg 768w, https:\/\/hssdlogistics.be\/wp-content\/uploads\/Afbeelding-van-WhatsApp-op-2025-05-21-om-21.45.15_6c6699cc-450x600.jpg 450w\" sizes=\"(max-width: 768px) 100vw, 768px\" \/>\t\t\t\t\t\t\t\t\t\t\t\t\t\t\t<\/div>\n\t\t\t\t<\/div>\n\t\t\t\t<\/div>\n\t\t<div class=\"elementor-element elementor-element-0584c2b e-con-full e-flex e-con e-child\" data-id=\"0584c2b\" data-element_type=\"container\" data-e-type=\"container\" data-settings=\"{&quot;_ha_eqh_enable&quot;:false}\">\n\t\t\t\t<div class=\"elementor-element elementor-element-de73dba elementor-widget__width-initial elementor-widget elementor-widget-heading\" data-id=\"de73dba\" data-element_type=\"widget\" data-e-type=\"widget\" data-widget_type=\"heading.default\">\n\t\t\t\t<div class=\"elementor-widget-container\">\n\t\t\t\t\t<h2 class=\"elementor-heading-title elementor-size-default\">Condi\u021bii<\/h2>\t\t\t\t<\/div>\n\t\t\t\t<\/div>\n\t\t\t\t<div class=\"elementor-element elementor-element-308179d elementor-widget elementor-widget-text-editor\" data-id=\"308179d\" data-element_type=\"widget\" data-e-type=\"widget\" data-widget_type=\"text-editor.default\">\n\t\t\t\t<div class=\"elementor-widget-container\">\n\t\t\t\t\t\t\t\t\t<p>HSSD Logistics ac\u021bioneaz\u0103 numai \u00een calitate de expeditor de m\u0103rfuri pentru \u0219i \u00een numele clientului s\u0103u. Comisionul de expedi\u021bie este inclus \u00een pre\u021bul oferit de HSSD Logistics \u0219i acceptat de client. Toate activit\u0103\u021bile \u00eentreprinse de HSSD Logistics sunt supuse condi\u021biilor belgiene de expedi\u021bie ale Fenex, cu excep\u021bia clauzei de arbitraj. \u00cen plus fa\u021b\u0103 de condi\u021biile belgiene de expedi\u021bie, se aplic\u0103 condi\u021biile suplimentare ale HSSD Logistics. \u00cen caz de contradic\u021bii \u00eentre Condi\u021biile de expedi\u021bie belgiene \u0219i Condi\u021biile suplimentare, prevaleaz\u0103 Condi\u021biile suplimentare. Rela\u021biile juridice dintre clien\u021bi \u0219i HSSD Logistics sunt reglementate de legisla\u021bia belgian\u0103 \u0219i toate litigiile sunt solu\u021bionate exclusiv de c\u0103tre instan\u021ba competent\u0103 din Anvers. Toate comenzile acceptate de HSSD Logistics vor fi executate sub rezerva respingerii tuturor condi\u021biilor pe care clientul ar putea dori s\u0103 le impun\u0103. HSSD Logistics nu este r\u0103spunz\u0103toare pentru taxele vamale, impozite etc. Toate comenzile acceptate de HSSD Logistics sunt executate sub rezerva respingerii tuturor condi\u021biilor pe care clientul ar putea dori s\u0103 le impun\u0103.<\/p><p>Toate contractele HSSD Logistics sunt \u00eentotdeauna reglementate de legisla\u021bia belgian\u0103 \u0219i de Condi\u021biile generale de transport HSSD Logistics. Pentru toate litigiile dintre HSSD Logistics \u0219i subcontractant, Curtea din Anvers nu are competen\u021b\u0103 exclusiv\u0103. Toate condi\u021biile pe care subcontractantul dore\u0219te s\u0103 le impun\u0103 sunt respinse. HSSD Logisitcs nu este r\u0103spunz\u0103toare pentru taxele vamale, impozite etc.<\/p>\t\t\t\t\t\t\t\t<\/div>\n\t\t\t\t<\/div>\n\t\t\t\t<\/div>\n\t\t\t\t\t<\/div>\n\t\t\t\t<\/div>\n\t\t\t\t<\/div>","protected":false},"excerpt":{"rendered":"<p>Over HSSD Logistics Voorwaarden HSSD Logistics treedt alleen op als expediteur voor en namens haar opdrachtgever. De expeditiecommissie is inbegrepen in de door HSSD Logistics geoffreerde en door de klant aanvaarde prijs. Op alle activiteiten ondernomen door HSSD Logistics zijn de Belgische Expeditievoorwaarden van de Fenex van toepassing, met uitzondering van de arbitrageclausule. In aanvulling [&hellip;]<\/p>\n","protected":false},"author":1,"featured_media":0,"parent":0,"menu_order":0,"comment_status":"closed","ping_status":"closed","template":"","meta":{"_seopress_robots_primary_cat":"","_seopress_titles_title":"","_seopress_titles_desc":"","_seopress_robots_index":"","iawp_total_views":113,"footnotes":""},"class_list":["post-511","page","type-page","status-publish","hentry"],"_links":{"self":[{"href":"https:\/\/hssdlogistics.be\/ro\/wp-json\/wp\/v2\/pages\/511","targetHints":{"allow":["GET"]}}],"collection":[{"href":"https:\/\/hssdlogistics.be\/ro\/wp-json\/wp\/v2\/pages"}],"about":[{"href":"https:\/\/hssdlogistics.be\/ro\/wp-json\/wp\/v2\/types\/page"}],"author":[{"embeddable":true,"href":"https:\/\/hssdlogistics.be\/ro\/wp-json\/wp\/v2\/users\/1"}],"replies":[{"embeddable":true,"href":"https:\/\/hssdlogistics.be\/ro\/wp-json\/wp\/v2\/comments?post=511"}],"version-history":[{"count":7,"href":"https:\/\/hssdlogistics.be\/ro\/wp-json\/wp\/v2\/pages\/511\/revisions"}],"predecessor-version":[{"id":639,"href":"https:\/\/hssdlogistics.be\/ro\/wp-json\/wp\/v2\/pages\/511\/revisions\/639"}],"wp:attachment":[{"href":"https:\/\/hssdlogistics.be\/ro\/wp-json\/wp\/v2\/media?parent=511"}],"curies":[{"name":"wp","href":"https:\/\/api.w.org\/{rel}","templated":true}]}}